{"id":195,"date":"2021-09-05T08:32:31","date_gmt":"2021-09-05T08:32:31","guid":{"rendered":"https:\/\/www.ubytovaniusynagogy.cz\/?page_id=195"},"modified":"2023-09-26T09:37:04","modified_gmt":"2023-09-26T09:37:04","slug":"nase-okenko","status":"publish","type":"page","link":"https:\/\/www.penzionusynagogy.cz\/index.php\/nase-okenko\/","title":{"rendered":"Na\u0161e ok\u00e9nko"},"content":{"rendered":"\t\t<div data-elementor-type=\"wp-page\" data-elementor-id=\"195\" class=\"elementor elementor-195\" data-elementor-post-type=\"page\">\n\t\t\t\t\t\t<section class=\"elementor-section elementor-top-section elementor-element elementor-element-5cdefac1 elementor-section-boxed elementor-section-height-default elementor-section-height-default\" data-id=\"5cdefac1\" data-element_type=\"section\" data-e-type=\"section\">\n\t\t\t\t\t\t<div class=\"elementor-container elementor-column-gap-no\">\n\t\t\t\t\t<div class=\"elementor-column elementor-col-100 elementor-top-column elementor-element elementor-element-6536e7f1\" data-id=\"6536e7f1\" data-element_type=\"column\" data-e-type=\"column\">\n\t\t\t<div class=\"elementor-widget-wrap elementor-element-populated\">\n\t\t\t\t\t\t<section class=\"elementor-section elementor-inner-section elementor-element elementor-element-5cbd9e7c elementor-section-boxed elementor-section-height-default elementor-section-height-default\" data-id=\"5cbd9e7c\" data-element_type=\"section\" data-e-type=\"section\">\n\t\t\t\t\t\t<div class=\"elementor-container elementor-column-gap-default\">\n\t\t\t\t\t<div class=\"elementor-column elementor-col-100 elementor-inner-column elementor-element elementor-element-6fe42857\" data-id=\"6fe42857\" data-element_type=\"column\" data-e-type=\"column\">\n\t\t\t<div class=\"elementor-widget-wrap elementor-element-populated\">\n\t\t\t\t\t\t<div class=\"elementor-element elementor-element-44ee3766 elementor-widget elementor-widget-image\" data-id=\"44ee3766\" data-element_type=\"widget\" data-e-type=\"widget\" data-widget_type=\"image.default\">\n\t\t\t\t<div class=\"elementor-widget-container\">\n\t\t\t\t\t\t\t\t\t\t\t\t\t\t\t<img fetchpriority=\"high\" decoding=\"async\" width=\"4230\" height=\"2889\" src=\"https:\/\/www.penzionusynagogy.cz\/wp-content\/uploads\/2021\/09\/Logotypy-Ubytovani-U-Synagogy-26.png\" class=\"attachment-full size-full wp-image-384\" alt=\"\" srcset=\"https:\/\/www.penzionusynagogy.cz\/wp-content\/uploads\/2021\/09\/Logotypy-Ubytovani-U-Synagogy-26.png 4230w, https:\/\/www.penzionusynagogy.cz\/wp-content\/uploads\/2021\/09\/Logotypy-Ubytovani-U-Synagogy-26-300x205.png 300w, https:\/\/www.penzionusynagogy.cz\/wp-content\/uploads\/2021\/09\/Logotypy-Ubytovani-U-Synagogy-26-1024x699.png 1024w, https:\/\/www.penzionusynagogy.cz\/wp-content\/uploads\/2021\/09\/Logotypy-Ubytovani-U-Synagogy-26-768x525.png 768w, https:\/\/www.penzionusynagogy.cz\/wp-content\/uploads\/2021\/09\/Logotypy-Ubytovani-U-Synagogy-26-1536x1049.png 1536w, https:\/\/www.penzionusynagogy.cz\/wp-content\/uploads\/2021\/09\/Logotypy-Ubytovani-U-Synagogy-26-2048x1399.png 2048w\" sizes=\"(max-width: 4230px) 100vw, 4230px\" \/>\t\t\t\t\t\t\t\t\t\t\t\t\t\t\t<\/div>\n\t\t\t\t<\/div>\n\t\t\t\t<div class=\"elementor-element elementor-element-1c337004 elementor-widget elementor-widget-heading\" data-id=\"1c337004\" data-element_type=\"widget\" data-e-type=\"widget\" data-widget_type=\"heading.default\">\n\t\t\t\t<div class=\"elementor-widget-container\">\n\t\t\t\t\t<h1 class=\"elementor-heading-title elementor-size-default\">Na\u0161e ok\u00e9nko<\/h1>\t\t\t\t<\/div>\n\t\t\t\t<\/div>\n\t\t\t\t<div class=\"elementor-element elementor-element-cb6492 elementor-widget elementor-widget-text-editor\" data-id=\"cb6492\" data-element_type=\"widget\" data-e-type=\"widget\" data-widget_type=\"text-editor.default\">\n\t\t\t\t<div class=\"elementor-widget-container\">\n\t\t\t\t\t\t\t\t\t<p>P\u0159ipravujeme pro V\u00e1s akce, ud\u00e1losti, tipy a n\u00e1vody.<\/p><p>Sledujte n\u00e1s zde \u010di na na\u0161em facebooku.<\/p>\t\t\t\t\t\t\t\t<\/div>\n\t\t\t\t<\/div>\n\t\t\t\t\t<\/div>\n\t\t<\/div>\n\t\t\t\t\t<\/div>\n\t\t<\/section>\n\t\t\t\t\t<\/div>\n\t\t<\/div>\n\t\t\t\t\t<\/div>\n\t\t<\/section>\n\t\t\t\t<section class=\"elementor-section elementor-top-section elementor-element elementor-element-5079b341 elementor-section-boxed elementor-section-height-default elementor-section-height-default\" data-id=\"5079b341\" data-element_type=\"section\" data-e-type=\"section\">\n\t\t\t\t\t\t<div class=\"elementor-container elementor-column-gap-default\">\n\t\t\t\t\t<div class=\"elementor-column elementor-col-100 elementor-top-column elementor-element elementor-element-48c0a97\" data-id=\"48c0a97\" data-element_type=\"column\" data-e-type=\"column\">\n\t\t\t<div class=\"elementor-widget-wrap elementor-element-populated\">\n\t\t\t\t\t\t<div class=\"elementor-element elementor-element-19f86187 elementor-widget elementor-widget-image\" data-id=\"19f86187\" data-element_type=\"widget\" data-e-type=\"widget\" data-widget_type=\"image.default\">\n\t\t\t\t<div class=\"elementor-widget-container\">\n\t\t\t\t\t\t\t\t\t\t\t\t\t\t\t<img decoding=\"async\" width=\"4230\" height=\"2889\" src=\"https:\/\/www.penzionusynagogy.cz\/wp-content\/uploads\/2021\/09\/Logotypy-Ubytovani-U-Synagogy-32.png\" class=\"attachment-full size-full wp-image-390\" alt=\"\" srcset=\"https:\/\/www.penzionusynagogy.cz\/wp-content\/uploads\/2021\/09\/Logotypy-Ubytovani-U-Synagogy-32.png 4230w, https:\/\/www.penzionusynagogy.cz\/wp-content\/uploads\/2021\/09\/Logotypy-Ubytovani-U-Synagogy-32-300x205.png 300w, https:\/\/www.penzionusynagogy.cz\/wp-content\/uploads\/2021\/09\/Logotypy-Ubytovani-U-Synagogy-32-1024x699.png 1024w, https:\/\/www.penzionusynagogy.cz\/wp-content\/uploads\/2021\/09\/Logotypy-Ubytovani-U-Synagogy-32-768x525.png 768w, https:\/\/www.penzionusynagogy.cz\/wp-content\/uploads\/2021\/09\/Logotypy-Ubytovani-U-Synagogy-32-1536x1049.png 1536w, https:\/\/www.penzionusynagogy.cz\/wp-content\/uploads\/2021\/09\/Logotypy-Ubytovani-U-Synagogy-32-2048x1399.png 2048w\" sizes=\"(max-width: 4230px) 100vw, 4230px\" \/>\t\t\t\t\t\t\t\t\t\t\t\t\t\t\t<\/div>\n\t\t\t\t<\/div>\n\t\t\t\t<div class=\"elementor-element elementor-element-2551ee1 elementor-widget elementor-widget-heading\" data-id=\"2551ee1\" data-element_type=\"widget\" data-e-type=\"widget\" data-widget_type=\"heading.default\">\n\t\t\t\t<div class=\"elementor-widget-container\">\n\t\t\t\t\t<h2 class=\"elementor-heading-title elementor-size-default\">Inspirace<\/h2>\t\t\t\t<\/div>\n\t\t\t\t<\/div>\n\t\t\t\t<section class=\"elementor-section elementor-inner-section elementor-element elementor-element-bd5eb09 elementor-section-boxed elementor-section-height-default elementor-section-height-default\" data-id=\"bd5eb09\" data-element_type=\"section\" data-e-type=\"section\">\n\t\t\t\t\t\t<div class=\"elementor-container elementor-column-gap-default\">\n\t\t\t\t\t<div class=\"elementor-column elementor-col-25 elementor-inner-column elementor-element elementor-element-176084d0\" data-id=\"176084d0\" data-element_type=\"column\" data-e-type=\"column\">\n\t\t\t<div class=\"elementor-widget-wrap elementor-element-populated\">\n\t\t\t\t\t\t<div class=\"elementor-element elementor-element-7e850b89 elementor-cta--layout-image-above elementor-cta--valign-bottom elementor-cta--skin-classic elementor-animated-content elementor-bg-transform elementor-bg-transform-zoom-in elementor-widget elementor-widget-call-to-action\" data-id=\"7e850b89\" data-element_type=\"widget\" data-e-type=\"widget\" data-widget_type=\"call-to-action.default\">\n\t\t\t\t<div class=\"elementor-widget-container\">\n\t\t\t\t\t\t\t<a class=\"elementor-cta\" href=\"https:\/\/www.penzionusynagogy.cz\/index.php\/category\/nase-okenko\/jaro\/\">\n\t\t\t\t\t<div class=\"elementor-cta__bg-wrapper\">\n\t\t\t\t<div class=\"elementor-cta__bg elementor-bg\" style=\"background-image: url(https:\/\/www.penzionusynagogy.cz\/wp-content\/uploads\/2021\/09\/magnolia-trees-556718_1920.jpg);\" role=\"img\" aria-label=\"magnolia-trees-556718_1920\"><\/div>\n\t\t\t\t<div class=\"elementor-cta__bg-overlay\"><\/div>\n\t\t\t<\/div>\n\t\t\t\t\t\t\t<div class=\"elementor-cta__content\">\n\t\t\t\t\n\t\t\t\t\t\t\t\t\t<h2 class=\"elementor-cta__title elementor-cta__content-item elementor-content-item\">\n\t\t\t\t\t\tJaro\t\t\t\t\t<\/h2>\n\t\t\t\t\n\t\t\t\t\n\t\t\t\t\t\t\t\t\t<div class=\"elementor-cta__button-wrapper elementor-cta__content-item elementor-content-item \">\n\t\t\t\t\t<span class=\"elementor-cta__button elementor-button elementor-size-\">\n\t\t\t\t\t\tProhl\u00e9dnout\t\t\t\t\t<\/span>\n\t\t\t\t\t<\/div>\n\t\t\t\t\t\t\t<\/div>\n\t\t\t\t\t\t<\/a>\n\t\t\t\t\t\t<\/div>\n\t\t\t\t<\/div>\n\t\t\t\t\t<\/div>\n\t\t<\/div>\n\t\t\t\t<div class=\"elementor-column elementor-col-25 elementor-inner-column elementor-element elementor-element-a57759e\" data-id=\"a57759e\" data-element_type=\"column\" data-e-type=\"column\">\n\t\t\t<div class=\"elementor-widget-wrap elementor-element-populated\">\n\t\t\t\t\t\t<div class=\"elementor-element elementor-element-a32ed18 elementor-cta--layout-image-above elementor-cta--valign-bottom elementor-cta--skin-classic elementor-animated-content elementor-bg-transform elementor-bg-transform-zoom-in elementor-widget elementor-widget-call-to-action\" data-id=\"a32ed18\" data-element_type=\"widget\" data-e-type=\"widget\" data-widget_type=\"call-to-action.default\">\n\t\t\t\t<div class=\"elementor-widget-container\">\n\t\t\t\t\t\t\t<a class=\"elementor-cta\" href=\"https:\/\/www.penzionusynagogy.cz\/index.php\/category\/nase-okenko\/leto\/\">\n\t\t\t\t\t<div class=\"elementor-cta__bg-wrapper\">\n\t\t\t\t<div class=\"elementor-cta__bg elementor-bg\" style=\"background-image: url(https:\/\/www.penzionusynagogy.cz\/wp-content\/uploads\/2021\/09\/background-1587514_1920.jpg);\" role=\"img\" aria-label=\"background-1587514_1920\"><\/div>\n\t\t\t\t<div class=\"elementor-cta__bg-overlay\"><\/div>\n\t\t\t<\/div>\n\t\t\t\t\t\t\t<div class=\"elementor-cta__content\">\n\t\t\t\t\n\t\t\t\t\t\t\t\t\t<h2 class=\"elementor-cta__title elementor-cta__content-item elementor-content-item\">\n\t\t\t\t\t\tL\u00e9to\t\t\t\t\t<\/h2>\n\t\t\t\t\n\t\t\t\t\n\t\t\t\t\t\t\t\t\t<div class=\"elementor-cta__button-wrapper elementor-cta__content-item elementor-content-item \">\n\t\t\t\t\t<span class=\"elementor-cta__button elementor-button elementor-size-\">\n\t\t\t\t\t\tProhl\u00e9dnout\t\t\t\t\t<\/span>\n\t\t\t\t\t<\/div>\n\t\t\t\t\t\t\t<\/div>\n\t\t\t\t\t\t<\/a>\n\t\t\t\t\t\t<\/div>\n\t\t\t\t<\/div>\n\t\t\t\t\t<\/div>\n\t\t<\/div>\n\t\t\t\t<div class=\"elementor-column elementor-col-25 elementor-inner-column elementor-element elementor-element-1ba56ed\" data-id=\"1ba56ed\" data-element_type=\"column\" data-e-type=\"column\">\n\t\t\t<div class=\"elementor-widget-wrap elementor-element-populated\">\n\t\t\t\t\t\t<div class=\"elementor-element elementor-element-1f05a02c elementor-cta--layout-image-above elementor-cta--valign-bottom elementor-cta--skin-classic elementor-animated-content elementor-bg-transform elementor-bg-transform-zoom-in elementor-widget elementor-widget-call-to-action\" data-id=\"1f05a02c\" data-element_type=\"widget\" data-e-type=\"widget\" data-widget_type=\"call-to-action.default\">\n\t\t\t\t<div class=\"elementor-widget-container\">\n\t\t\t\t\t\t\t<a class=\"elementor-cta\" href=\"https:\/\/www.penzionusynagogy.cz\/index.php\/category\/nase-okenko\/podzim\/\">\n\t\t\t\t\t<div class=\"elementor-cta__bg-wrapper\">\n\t\t\t\t<div class=\"elementor-cta__bg elementor-bg\" style=\"background-image: url(https:\/\/www.penzionusynagogy.cz\/wp-content\/uploads\/2021\/09\/autumn-20461_1920.jpg);\" role=\"img\" aria-label=\"autumn-20461_1920\"><\/div>\n\t\t\t\t<div class=\"elementor-cta__bg-overlay\"><\/div>\n\t\t\t<\/div>\n\t\t\t\t\t\t\t<div class=\"elementor-cta__content\">\n\t\t\t\t\n\t\t\t\t\t\t\t\t\t<h2 class=\"elementor-cta__title elementor-cta__content-item elementor-content-item\">\n\t\t\t\t\t\tPodzim\t\t\t\t\t<\/h2>\n\t\t\t\t\n\t\t\t\t\n\t\t\t\t\t\t\t\t\t<div class=\"elementor-cta__button-wrapper elementor-cta__content-item elementor-content-item \">\n\t\t\t\t\t<span class=\"elementor-cta__button elementor-button elementor-size-\">\n\t\t\t\t\t\tProhl\u00e9dnout\t\t\t\t\t<\/span>\n\t\t\t\t\t<\/div>\n\t\t\t\t\t\t\t<\/div>\n\t\t\t\t\t\t<\/a>\n\t\t\t\t\t\t<\/div>\n\t\t\t\t<\/div>\n\t\t\t\t\t<\/div>\n\t\t<\/div>\n\t\t\t\t<div class=\"elementor-column elementor-col-25 elementor-inner-column elementor-element elementor-element-125da7b\" data-id=\"125da7b\" data-element_type=\"column\" data-e-type=\"column\">\n\t\t\t<div class=\"elementor-widget-wrap elementor-element-populated\">\n\t\t\t\t\t\t<div class=\"elementor-element elementor-element-45e18fa7 elementor-cta--layout-image-above elementor-cta--valign-bottom elementor-cta--skin-classic elementor-animated-content elementor-bg-transform elementor-bg-transform-zoom-in elementor-widget elementor-widget-call-to-action\" data-id=\"45e18fa7\" data-element_type=\"widget\" data-e-type=\"widget\" data-widget_type=\"call-to-action.default\">\n\t\t\t\t<div class=\"elementor-widget-container\">\n\t\t\t\t\t\t\t<a class=\"elementor-cta\" href=\"https:\/\/www.penzionusynagogy.cz\/index.php\/category\/nase-okenko\/zima\/\">\n\t\t\t\t\t<div class=\"elementor-cta__bg-wrapper\">\n\t\t\t\t<div class=\"elementor-cta__bg elementor-bg\" style=\"background-image: url(https:\/\/www.penzionusynagogy.cz\/wp-content\/uploads\/2021\/09\/new-year-1909061_1280.jpg);\" role=\"img\" aria-label=\"new-year-1909061_1280\"><\/div>\n\t\t\t\t<div class=\"elementor-cta__bg-overlay\"><\/div>\n\t\t\t<\/div>\n\t\t\t\t\t\t\t<div class=\"elementor-cta__content\">\n\t\t\t\t\n\t\t\t\t\t\t\t\t\t<h2 class=\"elementor-cta__title elementor-cta__content-item elementor-content-item\">\n\t\t\t\t\t\tZima\t\t\t\t\t<\/h2>\n\t\t\t\t\n\t\t\t\t\n\t\t\t\t\t\t\t\t\t<div class=\"elementor-cta__button-wrapper elementor-cta__content-item elementor-content-item \">\n\t\t\t\t\t<span class=\"elementor-cta__button elementor-button elementor-size-\">\n\t\t\t\t\t\tProhl\u00e9dnout\t\t\t\t\t<\/span>\n\t\t\t\t\t<\/div>\n\t\t\t\t\t\t\t<\/div>\n\t\t\t\t\t\t<\/a>\n\t\t\t\t\t\t<\/div>\n\t\t\t\t<\/div>\n\t\t\t\t\t<\/div>\n\t\t<\/div>\n\t\t\t\t\t<\/div>\n\t\t<\/section>\n\t\t\t\t\t<\/div>\n\t\t<\/div>\n\t\t\t\t\t<\/div>\n\t\t<\/section>\n\t\t\t\t<\/div>\n\t\t","protected":false},"excerpt":{"rendered":"<p>Na\u0161e ok\u00e9nko P\u0159ipravujeme pro V\u00e1s akce, ud\u00e1losti, tipy a n\u00e1vody. Sledujte n\u00e1s zde \u010di na na\u0161em facebooku. Inspirace Jaro Prohl\u00e9dnout L\u00e9to Prohl\u00e9dnout Podzim Prohl\u00e9dnout Zima Prohl\u00e9dnout<\/p>\n","protected":false},"author":1,"featured_media":384,"parent":0,"menu_order":8,"comment_status":"closed","ping_status":"closed","template":"","meta":{"footnotes":""},"class_list":["post-195","page","type-page","status-publish","has-post-thumbnail","hentry"],"aioseo_notices":[],"_links":{"self":[{"href":"https:\/\/www.penzionusynagogy.cz\/index.php\/wp-json\/wp\/v2\/pages\/195","targetHints":{"allow":["GET"]}}],"collection":[{"href":"https:\/\/www.penzionusynagogy.cz\/index.php\/wp-json\/wp\/v2\/pages"}],"about":[{"href":"https:\/\/www.penzionusynagogy.cz\/index.php\/wp-json\/wp\/v2\/types\/page"}],"author":[{"embeddable":true,"href":"https:\/\/www.penzionusynagogy.cz\/index.php\/wp-json\/wp\/v2\/users\/1"}],"replies":[{"embeddable":true,"href":"https:\/\/www.penzionusynagogy.cz\/index.php\/wp-json\/wp\/v2\/comments?post=195"}],"version-history":[{"count":0,"href":"https:\/\/www.penzionusynagogy.cz\/index.php\/wp-json\/wp\/v2\/pages\/195\/revisions"}],"wp:featuredmedia":[{"embeddable":true,"href":"https:\/\/www.penzionusynagogy.cz\/index.php\/wp-json\/wp\/v2\/media\/384"}],"wp:attachment":[{"href":"https:\/\/www.penzionusynagogy.cz\/index.php\/wp-json\/wp\/v2\/media?parent=195"}],"curies":[{"name":"wp","href":"https:\/\/api.w.org\/{rel}","templated":true}]}}